{"id":1163,"date":"2015-09-10T20:01:54","date_gmt":"2015-09-10T20:01:54","guid":{"rendered":"http:\/\/alomalafontana.com\/?page_id=1163"},"modified":"2025-05-21T11:03:59","modified_gmt":"2025-05-21T11:03:59","slug":"sobre","status":"publish","type":"page","link":"https:\/\/alomalafontana.com\/es\/sobre","title":{"rendered":"Sobre"},"content":{"rendered":"\n<div class=\"wp-block-columns is-layout-flex wp-container-core-columns-is-layout-1c4fb43a wp-block-columns-is-layout-flex\" style=\"margin-top:0;margin-bottom:0;padding-top:var(--wp--preset--spacing--60);padding-right:var(--wp--preset--spacing--60);padding-bottom:var(--wp--preset--spacing--60);padding-left:var(--wp--preset--spacing--60)\">\n<div class=\"wp-block-column is-layout-flow wp-block-column-is-layout-flow\" style=\"flex-basis:33.33%\">\n<figure class=\"wp-block-image size-full\"><a href=\"https:\/\/alomalafontana.com\/wp-content\/uploads\/2025\/05\/IMG_3079.jpg\"><img fetchpriority=\"high\" decoding=\"async\" width=\"750\" height=\"1334\" src=\"https:\/\/alomalafontana.com\/wp-content\/uploads\/2025\/05\/IMG_3079.jpg\" alt=\"\" class=\"wp-image-4244\" srcset=\"https:\/\/alomalafontana.com\/wp-content\/uploads\/2025\/05\/IMG_3079.jpg 750w, https:\/\/alomalafontana.com\/wp-content\/uploads\/2025\/05\/IMG_3079-169x300.jpg 169w, https:\/\/alomalafontana.com\/wp-content\/uploads\/2025\/05\/IMG_3079-576x1024.jpg 576w\" sizes=\"(max-width: 750px) 100vw, 750px\" \/><\/a><\/figure>\n<\/div>\n\n\n\n<div class=\"wp-block-column is-layout-flow wp-block-column-is-layout-flow\" style=\"flex-basis:66.66%\">\n<p id=\"block-bca89c39-06a2-46ee-b844-9bdcd944c392\"><strong>Aloma Lafontana es escultora y dise\u00f1adora de indumentaria nacida en Barcelona. Su obra se caracteriza por un enfoque multidisciplinario que explora los l\u00edmites entre el arte, el cuerpo y la sostenibilidad.<\/strong><\/p>\n\n\n\n<p id=\"block-d4f199e9-18e8-4580-9139-3ce1d6610106\">A lo largo de su carrera, ha reflexionado sobre la relaci\u00f3n entre el cuerpo femenino y los objetos que lo rodean. Sus obras est\u00e1n hechas de materiales naturales y reutilizados, aportando diversas capas simb\u00f3licas a las piezas. <\/p>\n\n\n\n<p id=\"block-d4f199e9-18e8-4580-9139-3ce1d6610106\">Sus influencias van desde Rebecca Horn hasta Joan Brossa, con un profundo inter\u00e9s por la indumentaria ancestral.<\/p>\n\n\n\n<p>Formada como escultora en la Facultad de Bellas Artes de Barcelona, Lafontana ampli\u00f3 sus conocimientos con un m\u00e1ster en Vestuario Teatral (IED).<\/p>\n\n\n\n<p><\/p>\n\n\n\n<p> Desde 2010, ha creado sus propios proyectos y ha trabajado en encargos para artistas y compa\u00f1\u00edas de renombre, como Lady Gaga, Isabel Coixet, Rigoberta Bandini y La Fura dels Baus, entre otros.<\/p>\n\n\n\n<p>Tambi\u00e9n ha trabajado como Sastra para campa\u00f1as internacionales con artistas y empresas de renombre, como Johnny Depp para Dior, Rosalia para MAC Cosmetics y Lily Collins para Lancome.<br><\/p>\n<\/div>\n<\/div>\n\n\n\n<div class=\"wp-block-columns are-vertically-aligned-top is-layout-flex wp-container-core-columns-is-layout-954ec4bb wp-block-columns-is-layout-flex\" style=\"padding-right:var(--wp--preset--spacing--40);padding-left:var(--wp--preset--spacing--40)\">\n<div class=\"wp-block-column is-vertically-aligned-top has-global-padding is-content-justification-left is-layout-constrained wp-container-core-column-is-layout-12dd3699 wp-block-column-is-layout-constrained\">\n<p><strong>Exposiciones<\/strong><\/p>\n\n\n\n<p class=\"has-medium-font-size\">EXEMPLA \u00abWorld of the Stage\u00bb&nbsp;exposici\u00f3n en la International Craft Fair Munich, 2025&nbsp;<\/p>\n\n\n\n<p class=\"has-medium-font-size\">Fashion for Bank Robbers exposici\u00f3n en el Maximilians Forum, Munich 2022<\/p>\n\n\n\n<p>Arran de pell, Sismograf Olot 2022<\/p>\n\n\n\n<p class=\"has-medium-font-size\">Desus, Oslo graphics, Barcelona 2016<\/p>\n\n\n\n<p class=\"has-medium-font-size\"><\/p>\n<\/div>\n<\/div>\n\n\n\n<div class=\"wp-block-columns are-vertically-aligned-top is-layout-flex wp-container-core-columns-is-layout-77345748 wp-block-columns-is-layout-flex\" style=\"margin-top:var(--wp--preset--spacing--50);margin-bottom:var(--wp--preset--spacing--50);padding-right:var(--wp--preset--spacing--40);padding-left:var(--wp--preset--spacing--40)\">\n<div class=\"wp-block-column is-vertically-aligned-top has-global-padding is-content-justification-left is-layout-constrained wp-container-core-column-is-layout-12dd3699 wp-block-column-is-layout-constrained\">\n<p><strong>Prensa seleccionada<\/strong><\/p>\n\n\n\n<p class=\"has-medium-font-size\"><a href=\"https:\/\/www.stirworld.com\/see-features-aloma-lafontana-s-wearable-sculptures-are-interface-of-inner-and-outer-worlds-of-body\">Stir world &#8211; Entrevista<\/a><\/p>\n\n\n\n<p><a href=\"https:\/\/www.harpersbazaar.com\/es\/cultura\/ocio\/a35288251\/brisa-fenoy-artista-musica-denuncia-felicidad-industria-musical\/\">Harpers Bazar- Brisa fenoy<\/a><\/p>\n\n\n\n<p class=\"has-medium-font-size\"><a href=\"https:\/\/schonmagazine.com\/mirrored-rebel\/\">Sch\u00f6n! Mirrored rebel<\/a> <\/p>\n\n\n\n<p class=\"has-medium-font-size\"><a href=\"https:\/\/www.ara.cat\/cultura\/10-plans-culturals-cap-setmana_1_4328578.html\">Ara &#8211; Sism\u00f2graf<\/a><\/p>\n\n\n\n<p class=\"has-medium-font-size\"><a href=\"https:\/\/www.3cat.cat\/3cat\/tria-descultura-jose-pedro-croft-josep-maria-subirachs-i-aloma-lafontana\/video\/5659416\/\">Tria 33 &#8211; Desus<\/a><\/p>\n\n\n\n<p><a href=\"https:\/\/www.barcelona.cat\/barcelonacultura\/ca\/recomanem\/aloma-lafontana-desus-oslo-graphic\">Ajuntament de Barcelona- Desus<\/a><\/p>\n<\/div>\n\n\n\n<div class=\"wp-block-column is-vertically-aligned-top has-global-padding is-content-justification-left is-layout-constrained wp-container-core-column-is-layout-12dd3699 wp-block-column-is-layout-constrained\">\n<p><strong>Prensa seleccionada<\/strong><\/p>\n\n\n\n<p class=\"has-medium-font-size\">Lady Gaga<\/p>\n\n\n\n<p class=\"has-medium-font-size\">Isabel Coixet<\/p>\n\n\n\n<p class=\"has-medium-font-size\">Rigoberta Bandini<\/p>\n\n\n\n<p class=\"has-medium-font-size\">Fura dels Baus<\/p>\n\n\n\n<p class=\"has-medium-font-size\">Generalitat de Catalunya<\/p>\n\n\n\n<p class=\"has-medium-font-size\">DIOR &#8211; Johnny Depp<\/p>\n\n\n\n<p class=\"has-medium-font-size\">MAC &#8211; Rosalia<\/p>\n\n\n\n<p class=\"has-medium-font-size\">LANCOME &#8211; Lily Collins<\/p>\n\n\n\n<p class=\"has-medium-font-size\">ROLEX &#8211; Lindsey Vonn<\/p>\n<\/div>\n<\/div>\n","protected":false},"excerpt":{"rendered":"<p>Aloma Lafontana es escultora y dise\u00f1adora de indumentaria nacida en Barcelona. Su obra se caracteriza por un enfoque multidisciplinario que explora los l\u00edmites entre el arte, el cuerpo y la sostenibilidad. A lo largo de su carrera, ha reflexionado sobre la relaci\u00f3n entre el cuerpo femenino y los objetos que lo rodean. Sus obras est\u00e1n [&hellip;]<\/p>\n","protected":false},"author":1,"featured_media":0,"parent":0,"menu_order":2,"comment_status":"closed","ping_status":"closed","template":"","meta":{"footnotes":""},"class_list":["post-1163","page","type-page","status-publish","hentry"],"yoast_head":"<!-- This site is optimized with the Yoast SEO plugin v27.2 - https:\/\/yoast.com\/product\/yoast-seo-wordpress\/ -->\n<title>Sobre - Aloma Lafontana<\/title>\n<meta name=\"description\" content=\"Aloma Lafontana es una artista multidisciplinar que explora los l\u00edmites entre el arte, el cuerpo y la sostenibilidad.\" \/>\n<meta name=\"robots\" content=\"index, follow, max-snippet:-1, max-image-preview:large, max-video-preview:-1\" \/>\n<link rel=\"canonical\" href=\"https:\/\/alomalafontana.com\/es\/sobre\" \/>\n<meta property=\"og:locale\" content=\"es_ES\" \/>\n<meta property=\"og:type\" content=\"article\" \/>\n<meta property=\"og:title\" content=\"Sobre - Aloma Lafontana\" \/>\n<meta property=\"og:description\" content=\"Aloma Lafontana es una artista multidisciplinar que explora los l\u00edmites entre el arte, el cuerpo y la sostenibilidad.\" \/>\n<meta property=\"og:url\" content=\"https:\/\/alomalafontana.com\/es\/sobre\" \/>\n<meta property=\"og:site_name\" content=\"Aloma Lafontana\" \/>\n<meta property=\"article:modified_time\" content=\"2025-05-21T11:03:59+00:00\" \/>\n<meta property=\"og:image\" content=\"https:\/\/alomalafontana.com\/wp-content\/uploads\/2025\/05\/IMG_3079.jpg\" \/>\n\t<meta property=\"og:image:width\" content=\"750\" \/>\n\t<meta property=\"og:image:height\" content=\"1334\" \/>\n\t<meta property=\"og:image:type\" content=\"image\/jpeg\" \/>\n<meta name=\"twitter:card\" content=\"summary_large_image\" \/>\n<meta name=\"twitter:site\" content=\"@com\" \/>\n<meta name=\"twitter:label1\" content=\"Tiempo de lectura\" \/>\n\t<meta name=\"twitter:data1\" content=\"2 minutos\" \/>\n<script type=\"application\/ld+json\" class=\"yoast-schema-graph\">{\"@context\":\"https:\/\/schema.org\",\"@graph\":[{\"@type\":\"WebPage\",\"@id\":\"https:\/\/alomalafontana.com\/es\/sobre\",\"url\":\"https:\/\/alomalafontana.com\/es\/sobre\",\"name\":\"Sobre - Aloma Lafontana\",\"isPartOf\":{\"@id\":\"https:\/\/alomalafontana.com\/#website\"},\"primaryImageOfPage\":{\"@id\":\"https:\/\/alomalafontana.com\/es\/sobre#primaryimage\"},\"image\":{\"@id\":\"https:\/\/alomalafontana.com\/es\/sobre#primaryimage\"},\"thumbnailUrl\":\"https:\/\/alomalafontana.com\/wp-content\/uploads\/2025\/05\/IMG_3079.jpg\",\"datePublished\":\"2015-09-10T20:01:54+00:00\",\"dateModified\":\"2025-05-21T11:03:59+00:00\",\"description\":\"Aloma Lafontana es una artista multidisciplinar que explora los l\u00edmites entre el arte, el cuerpo y la sostenibilidad.\",\"breadcrumb\":{\"@id\":\"https:\/\/alomalafontana.com\/es\/sobre#breadcrumb\"},\"inLanguage\":\"es\",\"potentialAction\":[{\"@type\":\"ReadAction\",\"target\":[\"https:\/\/alomalafontana.com\/es\/sobre\"]}]},{\"@type\":\"ImageObject\",\"inLanguage\":\"es\",\"@id\":\"https:\/\/alomalafontana.com\/es\/sobre#primaryimage\",\"url\":\"https:\/\/alomalafontana.com\/wp-content\/uploads\/2025\/05\/IMG_3079.jpg\",\"contentUrl\":\"https:\/\/alomalafontana.com\/wp-content\/uploads\/2025\/05\/IMG_3079.jpg\"},{\"@type\":\"BreadcrumbList\",\"@id\":\"https:\/\/alomalafontana.com\/es\/sobre#breadcrumb\",\"itemListElement\":[{\"@type\":\"ListItem\",\"position\":1,\"name\":\"Portada\",\"item\":\"https:\/\/alomalafontana.com\/\"},{\"@type\":\"ListItem\",\"position\":2,\"name\":\"Sobre\"}]},{\"@type\":\"WebSite\",\"@id\":\"https:\/\/alomalafontana.com\/#website\",\"url\":\"https:\/\/alomalafontana.com\/\",\"name\":\"Aloma Lafontana\",\"description\":\"Vestuario Escult\u00f3rico\",\"publisher\":{\"@id\":\"https:\/\/alomalafontana.com\/#\/schema\/person\/919650061e7db332895bea1dc36e2f8c\"},\"potentialAction\":[{\"@type\":\"SearchAction\",\"target\":{\"@type\":\"EntryPoint\",\"urlTemplate\":\"https:\/\/alomalafontana.com\/?s={search_term_string}\"},\"query-input\":{\"@type\":\"PropertyValueSpecification\",\"valueRequired\":true,\"valueName\":\"search_term_string\"}}],\"inLanguage\":\"es\"},{\"@type\":[\"Person\",\"Organization\"],\"@id\":\"https:\/\/alomalafontana.com\/#\/schema\/person\/919650061e7db332895bea1dc36e2f8c\",\"name\":\"Aloma Lafontana\",\"image\":{\"@type\":\"ImageObject\",\"inLanguage\":\"es\",\"@id\":\"https:\/\/alomalafontana.com\/wp-content\/uploads\/2013\/04\/AlomaLafontanaWater1.jpg\",\"url\":\"https:\/\/alomalafontana.com\/wp-content\/uploads\/2013\/04\/AlomaLafontanaWater1.jpg\",\"contentUrl\":\"https:\/\/alomalafontana.com\/wp-content\/uploads\/2013\/04\/AlomaLafontanaWater1.jpg\",\"width\":1080,\"height\":1350,\"caption\":\"Aloma Lafontana\"},\"logo\":{\"@id\":\"https:\/\/alomalafontana.com\/wp-content\/uploads\/2013\/04\/AlomaLafontanaWater1.jpg\"},\"description\":\"Aloma Lafontana is a wearable sculpture artist who explores the relationships between the inner world of women and the objects that surround them. Proposing a journey through the oneiric world of the ornamentation. With sculptures adapted to the body where the feelings and sensations come alive in front of the viewer. Lafontana uses natural and upcycled materials as a dialogue between the increasing consumption of human beings and their relationship with the ecosystem of the planet. Being built with natural and reused materials, with their past lives and usages, the pieces are loaded with layers of symbolism and value. The statement is the conjunction between the body and the ornament where the dressed object acts as an element of the superposition of meanings. Changing the behavior of those who wear the pieces to the point of transforming their inside and on the bounce their outside. In parallel to artistic creation, Aloma Lafontana has made costume designs for experimental projects, as well as music videos, dance, performance, circus, theatre, and advertising campaigns.\",\"sameAs\":[\"https:\/\/alomalafontana.com\",\"https:\/\/www.instagram.com\/alomalafontana\/\",\"https:\/\/x.com\/aloma.lafontana@gmail.com\"]}]}<\/script>\n<!-- \/ Yoast SEO plugin. -->","yoast_head_json":{"title":"Sobre - Aloma Lafontana","description":"Aloma Lafontana es una artista multidisciplinar que explora los l\u00edmites entre el arte, el cuerpo y la sostenibilidad.","robots":{"index":"index","follow":"follow","max-snippet":"max-snippet:-1","max-image-preview":"max-image-preview:large","max-video-preview":"max-video-preview:-1"},"canonical":"https:\/\/alomalafontana.com\/es\/sobre","og_locale":"es_ES","og_type":"article","og_title":"Sobre - Aloma Lafontana","og_description":"Aloma Lafontana es una artista multidisciplinar que explora los l\u00edmites entre el arte, el cuerpo y la sostenibilidad.","og_url":"https:\/\/alomalafontana.com\/es\/sobre","og_site_name":"Aloma Lafontana","article_modified_time":"2025-05-21T11:03:59+00:00","og_image":[{"width":750,"height":1334,"url":"https:\/\/alomalafontana.com\/wp-content\/uploads\/2025\/05\/IMG_3079.jpg","type":"image\/jpeg"}],"twitter_card":"summary_large_image","twitter_site":"@com","twitter_misc":{"Tiempo de lectura":"2 minutos"},"schema":{"@context":"https:\/\/schema.org","@graph":[{"@type":"WebPage","@id":"https:\/\/alomalafontana.com\/es\/sobre","url":"https:\/\/alomalafontana.com\/es\/sobre","name":"Sobre - Aloma Lafontana","isPartOf":{"@id":"https:\/\/alomalafontana.com\/#website"},"primaryImageOfPage":{"@id":"https:\/\/alomalafontana.com\/es\/sobre#primaryimage"},"image":{"@id":"https:\/\/alomalafontana.com\/es\/sobre#primaryimage"},"thumbnailUrl":"https:\/\/alomalafontana.com\/wp-content\/uploads\/2025\/05\/IMG_3079.jpg","datePublished":"2015-09-10T20:01:54+00:00","dateModified":"2025-05-21T11:03:59+00:00","description":"Aloma Lafontana es una artista multidisciplinar que explora los l\u00edmites entre el arte, el cuerpo y la sostenibilidad.","breadcrumb":{"@id":"https:\/\/alomalafontana.com\/es\/sobre#breadcrumb"},"inLanguage":"es","potentialAction":[{"@type":"ReadAction","target":["https:\/\/alomalafontana.com\/es\/sobre"]}]},{"@type":"ImageObject","inLanguage":"es","@id":"https:\/\/alomalafontana.com\/es\/sobre#primaryimage","url":"https:\/\/alomalafontana.com\/wp-content\/uploads\/2025\/05\/IMG_3079.jpg","contentUrl":"https:\/\/alomalafontana.com\/wp-content\/uploads\/2025\/05\/IMG_3079.jpg"},{"@type":"BreadcrumbList","@id":"https:\/\/alomalafontana.com\/es\/sobre#breadcrumb","itemListElement":[{"@type":"ListItem","position":1,"name":"Portada","item":"https:\/\/alomalafontana.com\/"},{"@type":"ListItem","position":2,"name":"Sobre"}]},{"@type":"WebSite","@id":"https:\/\/alomalafontana.com\/#website","url":"https:\/\/alomalafontana.com\/","name":"Aloma Lafontana","description":"Vestuario Escult\u00f3rico","publisher":{"@id":"https:\/\/alomalafontana.com\/#\/schema\/person\/919650061e7db332895bea1dc36e2f8c"},"potentialAction":[{"@type":"SearchAction","target":{"@type":"EntryPoint","urlTemplate":"https:\/\/alomalafontana.com\/?s={search_term_string}"},"query-input":{"@type":"PropertyValueSpecification","valueRequired":true,"valueName":"search_term_string"}}],"inLanguage":"es"},{"@type":["Person","Organization"],"@id":"https:\/\/alomalafontana.com\/#\/schema\/person\/919650061e7db332895bea1dc36e2f8c","name":"Aloma Lafontana","image":{"@type":"ImageObject","inLanguage":"es","@id":"https:\/\/alomalafontana.com\/wp-content\/uploads\/2013\/04\/AlomaLafontanaWater1.jpg","url":"https:\/\/alomalafontana.com\/wp-content\/uploads\/2013\/04\/AlomaLafontanaWater1.jpg","contentUrl":"https:\/\/alomalafontana.com\/wp-content\/uploads\/2013\/04\/AlomaLafontanaWater1.jpg","width":1080,"height":1350,"caption":"Aloma Lafontana"},"logo":{"@id":"https:\/\/alomalafontana.com\/wp-content\/uploads\/2013\/04\/AlomaLafontanaWater1.jpg"},"description":"Aloma Lafontana is a wearable sculpture artist who explores the relationships between the inner world of women and the objects that surround them. Proposing a journey through the oneiric world of the ornamentation. With sculptures adapted to the body where the feelings and sensations come alive in front of the viewer. Lafontana uses natural and upcycled materials as a dialogue between the increasing consumption of human beings and their relationship with the ecosystem of the planet. Being built with natural and reused materials, with their past lives and usages, the pieces are loaded with layers of symbolism and value. The statement is the conjunction between the body and the ornament where the dressed object acts as an element of the superposition of meanings. Changing the behavior of those who wear the pieces to the point of transforming their inside and on the bounce their outside. In parallel to artistic creation, Aloma Lafontana has made costume designs for experimental projects, as well as music videos, dance, performance, circus, theatre, and advertising campaigns.","sameAs":["https:\/\/alomalafontana.com","https:\/\/www.instagram.com\/alomalafontana\/","https:\/\/x.com\/aloma.lafontana@gmail.com"]}]}},"_links":{"self":[{"href":"https:\/\/alomalafontana.com\/es\/wp-json\/wp\/v2\/pages\/1163","targetHints":{"allow":["GET"]}}],"collection":[{"href":"https:\/\/alomalafontana.com\/es\/wp-json\/wp\/v2\/pages"}],"about":[{"href":"https:\/\/alomalafontana.com\/es\/wp-json\/wp\/v2\/types\/page"}],"author":[{"embeddable":true,"href":"https:\/\/alomalafontana.com\/es\/wp-json\/wp\/v2\/users\/1"}],"replies":[{"embeddable":true,"href":"https:\/\/alomalafontana.com\/es\/wp-json\/wp\/v2\/comments?post=1163"}],"version-history":[{"count":15,"href":"https:\/\/alomalafontana.com\/es\/wp-json\/wp\/v2\/pages\/1163\/revisions"}],"predecessor-version":[{"id":4271,"href":"https:\/\/alomalafontana.com\/es\/wp-json\/wp\/v2\/pages\/1163\/revisions\/4271"}],"wp:attachment":[{"href":"https:\/\/alomalafontana.com\/es\/wp-json\/wp\/v2\/media?parent=1163"}],"curies":[{"name":"wp","href":"https:\/\/api.w.org\/{rel}","templated":true}]}}