{"id":1122,"date":"2015-09-10T20:01:54","date_gmt":"2015-09-10T20:01:54","guid":{"rendered":"http:\/\/alomalafontana.com\/?page_id=1122"},"modified":"2025-05-21T11:06:23","modified_gmt":"2025-05-21T11:06:23","slug":"sobre","status":"publish","type":"page","link":"https:\/\/alomalafontana.com\/ca\/sobre","title":{"rendered":"Sobre"},"content":{"rendered":"\n<div class=\"wp-block-columns is-layout-flex wp-container-core-columns-is-layout-1c4fb43a wp-block-columns-is-layout-flex\" style=\"margin-top:0;margin-bottom:0;padding-top:var(--wp--preset--spacing--60);padding-right:var(--wp--preset--spacing--60);padding-bottom:var(--wp--preset--spacing--60);padding-left:var(--wp--preset--spacing--60)\">\n<div class=\"wp-block-column is-layout-flow wp-block-column-is-layout-flow\" style=\"flex-basis:33.33%\">\n<figure class=\"wp-block-image size-full\"><a href=\"https:\/\/alomalafontana.com\/wp-content\/uploads\/2025\/05\/IMG_3079.jpg\"><img fetchpriority=\"high\" decoding=\"async\" width=\"750\" height=\"1334\" src=\"https:\/\/alomalafontana.com\/wp-content\/uploads\/2025\/05\/IMG_3079.jpg\" alt=\"\" class=\"wp-image-4243\" srcset=\"https:\/\/alomalafontana.com\/wp-content\/uploads\/2025\/05\/IMG_3079.jpg 750w, https:\/\/alomalafontana.com\/wp-content\/uploads\/2025\/05\/IMG_3079-169x300.jpg 169w, https:\/\/alomalafontana.com\/wp-content\/uploads\/2025\/05\/IMG_3079-576x1024.jpg 576w\" sizes=\"(max-width: 750px) 100vw, 750px\" \/><\/a><\/figure>\n<\/div>\n\n\n\n<div class=\"wp-block-column is-layout-flow wp-block-column-is-layout-flow\" style=\"flex-basis:66.66%\">\n<p id=\"block-bca89c39-06a2-46ee-b844-9bdcd944c392\"><strong>Aloma Lafontana \u00e9s escultora i dissenyadora d\u2019indument\u00e0ria nascuda a Barcelona. La seva obra es caracteritza per una aproximaci\u00f3 multidisciplin\u00e0ria que explora els l\u00edmits entre l\u2019art, el cos i la sostenibilitat.<\/strong><\/p>\n\n\n\n<p id=\"block-d4f199e9-18e8-4580-9139-3ce1d6610106\">En la seva traject\u00f2ria, ha reflexionat sobre la relaci\u00f3 entre el cos femeni\u0301 i els objectes que l\u2019envolten. Les seves obres estan fetes de materials naturals i reutilitzats, aportant diverses capes simb\u00f2liques a les peces. <\/p>\n\n\n\n<p id=\"block-d4f199e9-18e8-4580-9139-3ce1d6610106\">Els seus referents van des de Rebecca Horn fins a Joan Brossa, amb un profund inter\u00e8s per la indument\u00e0ria ancestral.<\/p>\n\n\n\n<p>Formada com a escultora a la Facultat de Belles Arts de Barcelona, Lafontana va ampliar els seus coneixements amb un m\u00e0ster en Vestuari Teatral (IED). <\/p>\n\n\n\n<p>Des de 2010, ha creat projectes propis i ha treballat en enc\u00e0rrecs per a artistes i companyies de renom, com Lady Gaga, Isabel Coixet, Rigoberta Bandini i La Fura dels Baus, entre altres.<\/p>\n\n\n\n<p>Tamb\u00e9 ha treballat de Sastra per a campanyes internacionals amb artistes i empreses de renom, com Johnny Depp per a Dior, Rosalia per MAC cosmetics i Lily Collins per a Lancome.<\/p>\n<\/div>\n<\/div>\n\n\n\n<div class=\"wp-block-columns are-vertically-aligned-top is-layout-flex wp-container-core-columns-is-layout-954ec4bb wp-block-columns-is-layout-flex\" style=\"padding-right:var(--wp--preset--spacing--40);padding-left:var(--wp--preset--spacing--40)\">\n<div class=\"wp-block-column is-vertically-aligned-top has-global-padding is-content-justification-left is-layout-constrained wp-container-core-column-is-layout-12dd3699 wp-block-column-is-layout-constrained\">\n<p><strong>Exposicions<\/strong><\/p>\n\n\n\n<p class=\"has-medium-font-size\">EXEMPLA &#8220;World of the Stage&#8221;&nbsp;exposici\u00f3 a la International Craft Fair Munich, 2025&nbsp;<\/p>\n\n\n\n<p class=\"has-medium-font-size\">Fashion for Bank Robbers exposici\u00f3 al Maximilians Forum, Munich 2022<\/p>\n\n\n\n<p class=\"has-medium-font-size\">Arran de pell, Sismograf Olot 2022<\/p>\n\n\n\n<p>Desus, Oslo graphics, Barcelona 2016<\/p>\n<\/div>\n<\/div>\n\n\n\n<div class=\"wp-block-columns are-vertically-aligned-top is-layout-flex wp-container-core-columns-is-layout-77345748 wp-block-columns-is-layout-flex\" style=\"margin-top:var(--wp--preset--spacing--50);margin-bottom:var(--wp--preset--spacing--50);padding-right:var(--wp--preset--spacing--40);padding-left:var(--wp--preset--spacing--40)\">\n<div class=\"wp-block-column is-vertically-aligned-top has-global-padding is-content-justification-left is-layout-constrained wp-container-core-column-is-layout-12dd3699 wp-block-column-is-layout-constrained\">\n<p><strong>Premsa seleccionada<\/strong><\/p>\n\n\n\n<p class=\"has-medium-font-size\"><a href=\"https:\/\/www.stirworld.com\/see-features-aloma-lafontana-s-wearable-sculptures-are-interface-of-inner-and-outer-worlds-of-body\">Stir world &#8211; Entrevista<\/a><\/p>\n\n\n\n<p><a href=\"https:\/\/www.harpersbazaar.com\/es\/cultura\/ocio\/a35288251\/brisa-fenoy-artista-musica-denuncia-felicidad-industria-musical\/\">Harpers Bazar- Brisa fenoy<\/a><\/p>\n\n\n\n<p class=\"has-medium-font-size\"><a href=\"https:\/\/schonmagazine.com\/mirrored-rebel\/\">Sch\u00f6n! Mirrored rebel<\/a> <\/p>\n\n\n\n<p class=\"has-medium-font-size\"><a href=\"https:\/\/www.ara.cat\/cultura\/10-plans-culturals-cap-setmana_1_4328578.html\">Ara &#8211; Sism\u00f2graf<\/a><\/p>\n\n\n\n<p class=\"has-medium-font-size\"><a href=\"https:\/\/www.3cat.cat\/3cat\/tria-descultura-jose-pedro-croft-josep-maria-subirachs-i-aloma-lafontana\/video\/5659416\/\">Tria 33 &#8211; Desus<\/a><\/p>\n\n\n\n<p><a href=\"https:\/\/www.barcelona.cat\/barcelonacultura\/ca\/recomanem\/aloma-lafontana-desus-oslo-graphic\">Ajuntament de Barcelona- Desus<\/a><\/p>\n<\/div>\n\n\n\n<div class=\"wp-block-column is-vertically-aligned-top has-global-padding is-content-justification-left is-layout-constrained wp-container-core-column-is-layout-12dd3699 wp-block-column-is-layout-constrained\">\n<p><strong>Clients seleccionats<\/strong><\/p>\n\n\n\n<p class=\"has-medium-font-size\">Lady Gaga<\/p>\n\n\n\n<p class=\"has-medium-font-size\">Isabel Coixet<\/p>\n\n\n\n<p class=\"has-medium-font-size\">Rigoberta Bandini<\/p>\n\n\n\n<p class=\"has-medium-font-size\">Fura dels Baus<\/p>\n\n\n\n<p class=\"has-medium-font-size\">Generalitat de Catalunya<\/p>\n\n\n\n<p class=\"has-medium-font-size\">DIOR &#8211; Johnny Depp<\/p>\n\n\n\n<p class=\"has-medium-font-size\">MAC &#8211; Rosalia<\/p>\n\n\n\n<p class=\"has-medium-font-size\">LANCOME &#8211; Lily Collins<\/p>\n\n\n\n<p class=\"has-medium-font-size\">ROLEX &#8211; Lindsey Vonn<\/p>\n<\/div>\n<\/div>\n","protected":false},"excerpt":{"rendered":"<p>Aloma Lafontana \u00e9s escultora i dissenyadora d\u2019indument\u00e0ria nascuda a Barcelona. La seva obra es caracteritza per una aproximaci\u00f3 multidisciplin\u00e0ria que explora els l\u00edmits entre l\u2019art, el cos i la sostenibilitat. En la seva traject\u00f2ria, ha reflexionat sobre la relaci\u00f3 entre el cos femeni\u0301 i els objectes que l\u2019envolten. Les seves obres estan fetes de materials [&hellip;]<\/p>\n","protected":false},"author":1,"featured_media":0,"parent":0,"menu_order":2,"comment_status":"closed","ping_status":"closed","template":"","meta":{"footnotes":""},"class_list":["post-1122","page","type-page","status-publish","hentry"],"yoast_head":"<!-- This site is optimized with the Yoast SEO plugin v27.2 - https:\/\/yoast.com\/product\/yoast-seo-wordpress\/ -->\n<title>Sobre - Aloma Lafontana<\/title>\n<meta name=\"description\" content=\"Aloma Lafontana \u00e9s una artista multidisciplin\u00e0ria que explora els l\u00edmits entre l\u2019art, el cos i la sostenibilitat.\" \/>\n<meta name=\"robots\" content=\"index, follow, max-snippet:-1, max-image-preview:large, max-video-preview:-1\" \/>\n<link rel=\"canonical\" href=\"https:\/\/alomalafontana.com\/ca\/sobre\" \/>\n<meta property=\"og:locale\" content=\"ca_ES\" \/>\n<meta property=\"og:type\" content=\"article\" \/>\n<meta property=\"og:title\" content=\"Sobre - Aloma Lafontana\" \/>\n<meta property=\"og:description\" content=\"Aloma Lafontana \u00e9s una artista multidisciplin\u00e0ria que explora els l\u00edmits entre l\u2019art, el cos i la sostenibilitat.\" \/>\n<meta property=\"og:url\" content=\"https:\/\/alomalafontana.com\/ca\/sobre\" \/>\n<meta property=\"og:site_name\" content=\"Aloma Lafontana\" \/>\n<meta property=\"article:modified_time\" content=\"2025-05-21T11:06:23+00:00\" \/>\n<meta property=\"og:image\" content=\"https:\/\/alomalafontana.com\/wp-content\/uploads\/2025\/05\/IMG_3079.jpg\" \/>\n\t<meta property=\"og:image:width\" content=\"750\" \/>\n\t<meta property=\"og:image:height\" content=\"1334\" \/>\n\t<meta property=\"og:image:type\" content=\"image\/jpeg\" \/>\n<meta name=\"twitter:card\" content=\"summary_large_image\" \/>\n<meta name=\"twitter:site\" content=\"@com\" \/>\n<meta name=\"twitter:label1\" content=\"Temps estimat de lectura\" \/>\n\t<meta name=\"twitter:data1\" content=\"2 minuts\" \/>\n<script type=\"application\/ld+json\" class=\"yoast-schema-graph\">{\"@context\":\"https:\/\/schema.org\",\"@graph\":[{\"@type\":\"WebPage\",\"@id\":\"https:\/\/alomalafontana.com\/ca\/sobre\",\"url\":\"https:\/\/alomalafontana.com\/ca\/sobre\",\"name\":\"Sobre - Aloma Lafontana\",\"isPartOf\":{\"@id\":\"https:\/\/alomalafontana.com\/#website\"},\"primaryImageOfPage\":{\"@id\":\"https:\/\/alomalafontana.com\/ca\/sobre#primaryimage\"},\"image\":{\"@id\":\"https:\/\/alomalafontana.com\/ca\/sobre#primaryimage\"},\"thumbnailUrl\":\"https:\/\/alomalafontana.com\/wp-content\/uploads\/2025\/05\/IMG_3079.jpg\",\"datePublished\":\"2015-09-10T20:01:54+00:00\",\"dateModified\":\"2025-05-21T11:06:23+00:00\",\"description\":\"Aloma Lafontana \u00e9s una artista multidisciplin\u00e0ria que explora els l\u00edmits entre l\u2019art, el cos i la sostenibilitat.\",\"breadcrumb\":{\"@id\":\"https:\/\/alomalafontana.com\/ca\/sobre#breadcrumb\"},\"inLanguage\":\"ca\",\"potentialAction\":[{\"@type\":\"ReadAction\",\"target\":[\"https:\/\/alomalafontana.com\/ca\/sobre\"]}]},{\"@type\":\"ImageObject\",\"inLanguage\":\"ca\",\"@id\":\"https:\/\/alomalafontana.com\/ca\/sobre#primaryimage\",\"url\":\"https:\/\/alomalafontana.com\/wp-content\/uploads\/2025\/05\/IMG_3079.jpg\",\"contentUrl\":\"https:\/\/alomalafontana.com\/wp-content\/uploads\/2025\/05\/IMG_3079.jpg\"},{\"@type\":\"BreadcrumbList\",\"@id\":\"https:\/\/alomalafontana.com\/ca\/sobre#breadcrumb\",\"itemListElement\":[{\"@type\":\"ListItem\",\"position\":1,\"name\":\"Portada\",\"item\":\"https:\/\/alomalafontana.com\/\"},{\"@type\":\"ListItem\",\"position\":2,\"name\":\"Sobre\"}]},{\"@type\":\"WebSite\",\"@id\":\"https:\/\/alomalafontana.com\/#website\",\"url\":\"https:\/\/alomalafontana.com\/\",\"name\":\"Aloma Lafontana\",\"description\":\"Vestuari Escult\u00f2ric\",\"publisher\":{\"@id\":\"https:\/\/alomalafontana.com\/#\/schema\/person\/919650061e7db332895bea1dc36e2f8c\"},\"potentialAction\":[{\"@type\":\"SearchAction\",\"target\":{\"@type\":\"EntryPoint\",\"urlTemplate\":\"https:\/\/alomalafontana.com\/?s={search_term_string}\"},\"query-input\":{\"@type\":\"PropertyValueSpecification\",\"valueRequired\":true,\"valueName\":\"search_term_string\"}}],\"inLanguage\":\"ca\"},{\"@type\":[\"Person\",\"Organization\"],\"@id\":\"https:\/\/alomalafontana.com\/#\/schema\/person\/919650061e7db332895bea1dc36e2f8c\",\"name\":\"Aloma Lafontana\",\"image\":{\"@type\":\"ImageObject\",\"inLanguage\":\"ca\",\"@id\":\"https:\/\/alomalafontana.com\/wp-content\/uploads\/2013\/04\/AlomaLafontanaWater1.jpg\",\"url\":\"https:\/\/alomalafontana.com\/wp-content\/uploads\/2013\/04\/AlomaLafontanaWater1.jpg\",\"contentUrl\":\"https:\/\/alomalafontana.com\/wp-content\/uploads\/2013\/04\/AlomaLafontanaWater1.jpg\",\"width\":1080,\"height\":1350,\"caption\":\"Aloma Lafontana\"},\"logo\":{\"@id\":\"https:\/\/alomalafontana.com\/wp-content\/uploads\/2013\/04\/AlomaLafontanaWater1.jpg\"},\"description\":\"Aloma Lafontana is a wearable sculpture artist who explores the relationships between the inner world of women and the objects that surround them. Proposing a journey through the oneiric world of the ornamentation. With sculptures adapted to the body where the feelings and sensations come alive in front of the viewer. Lafontana uses natural and upcycled materials as a dialogue between the increasing consumption of human beings and their relationship with the ecosystem of the planet. Being built with natural and reused materials, with their past lives and usages, the pieces are loaded with layers of symbolism and value. The statement is the conjunction between the body and the ornament where the dressed object acts as an element of the superposition of meanings. Changing the behavior of those who wear the pieces to the point of transforming their inside and on the bounce their outside. In parallel to artistic creation, Aloma Lafontana has made costume designs for experimental projects, as well as music videos, dance, performance, circus, theatre, and advertising campaigns.\",\"sameAs\":[\"https:\/\/alomalafontana.com\",\"https:\/\/www.instagram.com\/alomalafontana\/\",\"https:\/\/x.com\/aloma.lafontana@gmail.com\"]}]}<\/script>\n<!-- \/ Yoast SEO plugin. -->","yoast_head_json":{"title":"Sobre - Aloma Lafontana","description":"Aloma Lafontana \u00e9s una artista multidisciplin\u00e0ria que explora els l\u00edmits entre l\u2019art, el cos i la sostenibilitat.","robots":{"index":"index","follow":"follow","max-snippet":"max-snippet:-1","max-image-preview":"max-image-preview:large","max-video-preview":"max-video-preview:-1"},"canonical":"https:\/\/alomalafontana.com\/ca\/sobre","og_locale":"ca_ES","og_type":"article","og_title":"Sobre - Aloma Lafontana","og_description":"Aloma Lafontana \u00e9s una artista multidisciplin\u00e0ria que explora els l\u00edmits entre l\u2019art, el cos i la sostenibilitat.","og_url":"https:\/\/alomalafontana.com\/ca\/sobre","og_site_name":"Aloma Lafontana","article_modified_time":"2025-05-21T11:06:23+00:00","og_image":[{"width":750,"height":1334,"url":"https:\/\/alomalafontana.com\/wp-content\/uploads\/2025\/05\/IMG_3079.jpg","type":"image\/jpeg"}],"twitter_card":"summary_large_image","twitter_site":"@com","twitter_misc":{"Temps estimat de lectura":"2 minuts"},"schema":{"@context":"https:\/\/schema.org","@graph":[{"@type":"WebPage","@id":"https:\/\/alomalafontana.com\/ca\/sobre","url":"https:\/\/alomalafontana.com\/ca\/sobre","name":"Sobre - Aloma Lafontana","isPartOf":{"@id":"https:\/\/alomalafontana.com\/#website"},"primaryImageOfPage":{"@id":"https:\/\/alomalafontana.com\/ca\/sobre#primaryimage"},"image":{"@id":"https:\/\/alomalafontana.com\/ca\/sobre#primaryimage"},"thumbnailUrl":"https:\/\/alomalafontana.com\/wp-content\/uploads\/2025\/05\/IMG_3079.jpg","datePublished":"2015-09-10T20:01:54+00:00","dateModified":"2025-05-21T11:06:23+00:00","description":"Aloma Lafontana \u00e9s una artista multidisciplin\u00e0ria que explora els l\u00edmits entre l\u2019art, el cos i la sostenibilitat.","breadcrumb":{"@id":"https:\/\/alomalafontana.com\/ca\/sobre#breadcrumb"},"inLanguage":"ca","potentialAction":[{"@type":"ReadAction","target":["https:\/\/alomalafontana.com\/ca\/sobre"]}]},{"@type":"ImageObject","inLanguage":"ca","@id":"https:\/\/alomalafontana.com\/ca\/sobre#primaryimage","url":"https:\/\/alomalafontana.com\/wp-content\/uploads\/2025\/05\/IMG_3079.jpg","contentUrl":"https:\/\/alomalafontana.com\/wp-content\/uploads\/2025\/05\/IMG_3079.jpg"},{"@type":"BreadcrumbList","@id":"https:\/\/alomalafontana.com\/ca\/sobre#breadcrumb","itemListElement":[{"@type":"ListItem","position":1,"name":"Portada","item":"https:\/\/alomalafontana.com\/"},{"@type":"ListItem","position":2,"name":"Sobre"}]},{"@type":"WebSite","@id":"https:\/\/alomalafontana.com\/#website","url":"https:\/\/alomalafontana.com\/","name":"Aloma Lafontana","description":"Vestuari Escult\u00f2ric","publisher":{"@id":"https:\/\/alomalafontana.com\/#\/schema\/person\/919650061e7db332895bea1dc36e2f8c"},"potentialAction":[{"@type":"SearchAction","target":{"@type":"EntryPoint","urlTemplate":"https:\/\/alomalafontana.com\/?s={search_term_string}"},"query-input":{"@type":"PropertyValueSpecification","valueRequired":true,"valueName":"search_term_string"}}],"inLanguage":"ca"},{"@type":["Person","Organization"],"@id":"https:\/\/alomalafontana.com\/#\/schema\/person\/919650061e7db332895bea1dc36e2f8c","name":"Aloma Lafontana","image":{"@type":"ImageObject","inLanguage":"ca","@id":"https:\/\/alomalafontana.com\/wp-content\/uploads\/2013\/04\/AlomaLafontanaWater1.jpg","url":"https:\/\/alomalafontana.com\/wp-content\/uploads\/2013\/04\/AlomaLafontanaWater1.jpg","contentUrl":"https:\/\/alomalafontana.com\/wp-content\/uploads\/2013\/04\/AlomaLafontanaWater1.jpg","width":1080,"height":1350,"caption":"Aloma Lafontana"},"logo":{"@id":"https:\/\/alomalafontana.com\/wp-content\/uploads\/2013\/04\/AlomaLafontanaWater1.jpg"},"description":"Aloma Lafontana is a wearable sculpture artist who explores the relationships between the inner world of women and the objects that surround them. Proposing a journey through the oneiric world of the ornamentation. With sculptures adapted to the body where the feelings and sensations come alive in front of the viewer. Lafontana uses natural and upcycled materials as a dialogue between the increasing consumption of human beings and their relationship with the ecosystem of the planet. Being built with natural and reused materials, with their past lives and usages, the pieces are loaded with layers of symbolism and value. The statement is the conjunction between the body and the ornament where the dressed object acts as an element of the superposition of meanings. Changing the behavior of those who wear the pieces to the point of transforming their inside and on the bounce their outside. In parallel to artistic creation, Aloma Lafontana has made costume designs for experimental projects, as well as music videos, dance, performance, circus, theatre, and advertising campaigns.","sameAs":["https:\/\/alomalafontana.com","https:\/\/www.instagram.com\/alomalafontana\/","https:\/\/x.com\/aloma.lafontana@gmail.com"]}]}},"_links":{"self":[{"href":"https:\/\/alomalafontana.com\/ca\/wp-json\/wp\/v2\/pages\/1122","targetHints":{"allow":["GET"]}}],"collection":[{"href":"https:\/\/alomalafontana.com\/ca\/wp-json\/wp\/v2\/pages"}],"about":[{"href":"https:\/\/alomalafontana.com\/ca\/wp-json\/wp\/v2\/types\/page"}],"author":[{"embeddable":true,"href":"https:\/\/alomalafontana.com\/ca\/wp-json\/wp\/v2\/users\/1"}],"replies":[{"embeddable":true,"href":"https:\/\/alomalafontana.com\/ca\/wp-json\/wp\/v2\/comments?post=1122"}],"version-history":[{"count":23,"href":"https:\/\/alomalafontana.com\/ca\/wp-json\/wp\/v2\/pages\/1122\/revisions"}],"predecessor-version":[{"id":4272,"href":"https:\/\/alomalafontana.com\/ca\/wp-json\/wp\/v2\/pages\/1122\/revisions\/4272"}],"wp:attachment":[{"href":"https:\/\/alomalafontana.com\/ca\/wp-json\/wp\/v2\/media?parent=1122"}],"curies":[{"name":"wp","href":"https:\/\/api.w.org\/{rel}","templated":true}]}}